{"id":2,"date":"2007-08-13T13:06:35","date_gmt":"2007-08-13T18:06:35","guid":{"rendered":""},"modified":"2011-08-11T17:28:49","modified_gmt":"2011-08-11T15:28:49","slug":"about","status":"publish","type":"page","link":"https:\/\/www.funtur.ro\/blog\/about\/","title":{"rendered":"Despre mine"},"content":{"rendered":"<p>Sunt un c\u0103l\u0103tor\u00a0 &#8211; chiar \u015fi atunci c\u00e2nd stau acas\u0103, sunt un c\u0103l\u0103tor, gata oric\u00e2nd de o plecare fie ea \u015fi doar virtual\u0103.<\/p>\n<p>Un munte, un lac, o mare mai neagr\u0103 sau mai albastr\u0103, o cascad\u0103, o floare, un animal sau o pas\u0103re, un concert sau o expozi\u0163ie, oameni de oriunde &#8211; sunt pentru mine miracole de care a\u015f vrea s\u0103 m\u0103 bucur c\u00e2t mai mult.<\/p>\n<p>E un blog de turism? N-a\u015f zice. E mai mult un blog de c\u0103l\u0103torii. M-a\u015f bucura dac\u0103 v-a\u015f putea duce \u015fi pe voi \u00een c\u0103l\u0103toriile mele.<\/p>\n<p>\u00a0M\u0103 g\u0103si\u0163i aici aproape \u00een fiecare zi \u015fi &#8230;.. anca la\u00a0 funtur\u00a0 punct ro<\/p>\n","protected":false},"excerpt":{"rendered":"<p>Sunt un c&#259;l&#259;tor&nbsp; &ndash; chiar &#351;i atunci c&acirc;nd stau acas&#259;, sunt un c&#259;l&#259;tor, gata oric&acirc;nd de o plecare fie ea &#351;i doar virtual&#259;. Un munte, un lac, o mare mai neagr&#259; sau mai albastr&#259;, o cascad&#259;, o floare, un animal sau o pas&#259;re, un concert sau o expozi&#355;ie, oameni de oriunde &ndash; sunt pentru mine [&hellip;]<\/p>\n","protected":false},"author":1,"featured_media":0,"parent":0,"menu_order":0,"comment_status":"open","ping_status":"open","template":"","meta":{"footnotes":""},"class_list":["post-2","page","type-page","status-publish","hentry"],"_links":{"self":[{"href":"https:\/\/www.funtur.ro\/blog\/wp-json\/wp\/v2\/pages\/2","targetHints":{"allow":["GET"]}}],"collection":[{"href":"https:\/\/www.funtur.ro\/blog\/wp-json\/wp\/v2\/pages"}],"about":[{"href":"https:\/\/www.funtur.ro\/blog\/wp-json\/wp\/v2\/types\/page"}],"author":[{"embeddable":true,"href":"https:\/\/www.funtur.ro\/blog\/wp-json\/wp\/v2\/users\/1"}],"replies":[{"embeddable":true,"href":"https:\/\/www.funtur.ro\/blog\/wp-json\/wp\/v2\/comments?post=2"}],"version-history":[{"count":8,"href":"https:\/\/www.funtur.ro\/blog\/wp-json\/wp\/v2\/pages\/2\/revisions"}],"predecessor-version":[{"id":63,"href":"https:\/\/www.funtur.ro\/blog\/wp-json\/wp\/v2\/pages\/2\/revisions\/63"}],"wp:attachment":[{"href":"https:\/\/www.funtur.ro\/blog\/wp-json\/wp\/v2\/media?parent=2"}],"curies":[{"name":"wp","href":"https:\/\/api.w.org\/{rel}","templated":true}]}}