{"id":12814,"date":"2023-10-12T10:07:31","date_gmt":"2023-10-12T08:07:31","guid":{"rendered":"https:\/\/www.funtur.ro\/blog\/?page_id=12814"},"modified":"2023-10-18T10:03:26","modified_gmt":"2023-10-18T08:03:26","slug":"politica-de-cookies","status":"publish","type":"page","link":"https:\/\/www.funtur.ro\/blog\/politica-de-cookies\/","title":{"rendered":"Politica de cookies \/ Informare despre cookies"},"content":{"rendered":"\n<p>Acest document are rolul de a v\u0103 da mai multe informa\u021bii cu privire la ce cookie-uri \u0219i alte tehnologii similare folose\u0219te aceste site \u0219i are rolul de completa informa\u021biile din<a href=\"https:\/\/www.funtur.ro\/blog\/politica-de-confidentialitate\/\" data-type=\"post\" data-id=\"12825\"> Politica de confiden\u021bialitate ale acestui site<\/a> care explica mai \u00een detaliu cine este operatorul datelor \u0219i alte aspecte legate de prelucrarea datelor personale. Acest document are urm\u0103toarele capitole:<\/p>\n\n\n\n<h2 class=\"wp-block-heading\">Cuprins: <\/h2>\n\n\n\n<ol class=\"wp-block-list\">\n<li>Ce cookie-uri putem folosi pe acest site<\/li>\n\n\n\n<li>Cum i\u021bi po\u021bi schimba set\u0103rile personale de cookie-uri pentru acest site <\/li>\n\n\n\n<li>Alte metode de setare a cookie-urilor din browser<\/li>\n<\/ol>\n\n\n\n<h2 class=\"wp-block-heading\">1. Ce cookie-uri putem folosi pe acest site<\/h2>\n\n\n\n<p>Un cookie este un fi\u0219ier de mici dimensiuni, \u00een general alc\u0103tuit din litere \u0219i cifre, care este desc\u0103rcat \u00een memoria unui calculator (sau altui echipament folosit pentru navigare online &#8211; telefon mobil, tablet\u0103, etc), atunci c\u00e2nd utilizatorul acceseaz\u0103 un anumit site web.<\/p>\n\n\n\n<p>Cookie-urile \u0219i tehnologiile similare nu colecteaz\u0103 date personale directe (de ex. nume ori e-mail), dar pot folosi \u00een anumite cazuri identificatori unici care s\u0103 recunoasc\u0103 browser-ul folosit la o nou\u0103 vizit\u0103 pe acest site. \u00cen cazul cookie-urile de ter\u021ba parte, acestea ar putea \u0219i s\u0103 identifice un anume browser \u00eentre site-uri diferite unde este plasat acest cookie .<\/p>\n\n\n\n<p>Conform legisla\u021biei aplicabile \u00een Rom\u00e2nia stocarea de informa\u021bii sau ob\u021binerea accesului la informa\u021bia stocat\u0103 \u00een echipamentul terminal al utilizatorului se poate face doar dup\u0103 informarea utilizatorului cu privire la cookie-urile folosite \u0219i scopurile prelucr\u0103rii. Astfel la prima vizit\u0103 pe site a\u021bi fost informat cu privire la plasarea cookie-urilor si a\u021bi putut s\u0103 v\u0103 da\u021bi consim\u021b\u0103m\u00e2ntul sau s\u0103 refuza\u021bi anumite cookie-uri, dup\u0103 caz.<\/p>\n\n\n\n<p>\u00cen lista de mai jos g\u0103si\u021bi toate cookie-urile folosite de noi pe acest site. Lista este creat\u0103 dinamic, prin utilizarea unui serviciu automatizat furnizat de Sypher.eu care ruleaz\u0103 o dat\u0103 pe zi pentru verificarea noilor cookie-uri plasate pe site.  Cookie-urile de sesiune sunt \u0219terse c\u00e2nd \u00eenchide\u021bi browserul. Data de la finalul tabelului este data ultimei ad\u0103ug\u0103ri de noi cookie-uri \u00een aceast\u0103 list\u0103.<\/p>\n\n\n\n<div id=\"sypherCookieTable\"><\/div>\n\n\n\n<h2 class=\"wp-block-heading\">2. Cum i\u021bi po\u021bi schimba set\u0103rile personale de cookie-uri pentru acest site <\/h2>\n\n\n\n<p> \u00cen orice moment po\u021bi sa-\u021bi schimbi set\u0103rile cu privire la propriile cookie-uri acceptate sau refuzate ap\u0103s\u00e2nd textul de mai jos:<\/p>\n\n\n\n<span class=\"horizontal-element\">\n                <b><a href=\"#\" onclick=\"javascript:sypherCookieConsent.showConsentModal()\">Schimbare Setari Cookie-uri <\/a><\/b>\n                <\/span>\n\n\n\n<p><\/p>\n\n\n\n<h2 class=\"wp-block-heading\">3. Alte metode de setare a cookie-urilor din browser<\/h2>\n\n\n\n<p>Majoritatea browserelor sunt setate s\u0103 accepte cookie-uri \u00een mod automat. Dac\u0103 \u00eens\u0103 nu prefera\u021bi acest lucru, pute\u021bi fie reseta browserul, fie s\u0103 v\u0103 anun\u021be ori de c\u00e2te ori primi\u021bi c\u00e2te un cookie, fie s\u0103 refuze chiar acceptarea cookie-urilor dintr-o anumit\u0103 categorie (de exemplu cookie-urile de ter\u021b\u0103 parte). Exist\u0103 posibilitatea ca unele sec\u021biuni ale sitului nostru s\u0103 nu poat\u0103 fi vizualizate normal dac\u0103 a\u021bi setat browserul s\u0103 resping\u0103 toate cookie-urile.<\/p>\n\n\n\n<p>De asemenea, vizitatorii care nu doresc utilizarea cookie-urilor, pot folosi set\u0103rile browserului preferat pentru \u0219tergerea sau blocarea acestora sau folosirea unor plugin-uri care fac acela\u0219i lucru. Iat\u0103 \u0219i detaliile cu privire la set\u0103rile pentru cookie-uri pentru principalele browser-uri folosite \u00een Rom\u00e2nia: <\/p>\n\n\n\n<ul class=\"wp-block-list\">\n<li>Mozilla Firefox &#8211; <a href=\"http:\/\/support.mozilla.org\/ro\/kb\/cookie-urile\">http:\/\/support.mozilla.org\/ro\/kb\/cookie-urile<\/a><\/li>\n\n\n\n<li>Google Chrome &#8211; <a href=\"http:\/\/support.google.com\/chrome\/bin\/answer.py?hl=ro&amp;answer=95647\">http:\/\/support.google.com\/chrome\/bin\/answer.py?hl=ro&amp;answer=95647<\/a><\/li>\n\n\n\n<li>Microsoft Edge &#8211; <a href=\"https:\/\/support.microsoft.com\/ro-ro\/windows\/microsoft-edge-navigarea-prin-date-%C8%99i-confiden%C8%9Bialitatea-bb8174ba-9d73-dcf2-9b4a-c582b4e640dd\">https:\/\/support.microsoft.com\/ro-ro\/windows\/microsoft-edge-navigarea-prin-date-%C8%99i-confiden%C8%9Bialitatea-bb8174ba-9d73-dcf2-9b4a-c582b4e640dd<\/a>  <\/li>\n\n\n\n<li>Safari &#8211; http<a href=\"s:\/\/support.apple.com\/ro-ro\/guide\/safari\/sfri11471\/mac \">s:\/\/support.apple.com\/ro-ro\/guide\/safari\/sfri11471\/mac <\/a><\/li>\n<\/ul>\n\n\n\n<p><\/p>\n\n\n\n<p><em>Pentru mai multe informa\u021bii legate de datele personale prelucrate de acest site, v\u0103 rug\u0103m s\u0103 citi\u021bi <a href=\"https:\/\/www.funtur.ro\/blog\/politica-de-confidentialitate\/\" data-type=\"link\" data-id=\"https:\/\/www.funtur.ro\/blog\/politica-de-confidentialitate\/\">politica de confiden\u021bialitate. <\/a><\/em><\/p>\n","protected":false},"excerpt":{"rendered":"<p>Acest document are rolul de a v&#259; da mai multe informa&#539;ii cu privire la ce cookie-uri &#537;i alte tehnologii similare folose&#537;te aceste site &#537;i are rolul de completa informa&#539;iile din Politica de confiden&#539;ialitate ale acestui site care explica mai &icirc;n detaliu cine este operatorul datelor &#537;i alte aspecte legate de prelucrarea datelor personale. Acest document [&hellip;]<\/p>\n","protected":false},"author":1,"featured_media":0,"parent":0,"menu_order":0,"comment_status":"closed","ping_status":"closed","template":"","meta":{"footnotes":""},"class_list":["post-12814","page","type-page","status-publish","hentry"],"_links":{"self":[{"href":"https:\/\/www.funtur.ro\/blog\/wp-json\/wp\/v2\/pages\/12814","targetHints":{"allow":["GET"]}}],"collection":[{"href":"https:\/\/www.funtur.ro\/blog\/wp-json\/wp\/v2\/pages"}],"about":[{"href":"https:\/\/www.funtur.ro\/blog\/wp-json\/wp\/v2\/types\/page"}],"author":[{"embeddable":true,"href":"https:\/\/www.funtur.ro\/blog\/wp-json\/wp\/v2\/users\/1"}],"replies":[{"embeddable":true,"href":"https:\/\/www.funtur.ro\/blog\/wp-json\/wp\/v2\/comments?post=12814"}],"version-history":[{"count":9,"href":"https:\/\/www.funtur.ro\/blog\/wp-json\/wp\/v2\/pages\/12814\/revisions"}],"predecessor-version":[{"id":12832,"href":"https:\/\/www.funtur.ro\/blog\/wp-json\/wp\/v2\/pages\/12814\/revisions\/12832"}],"wp:attachment":[{"href":"https:\/\/www.funtur.ro\/blog\/wp-json\/wp\/v2\/media?parent=12814"}],"curies":[{"name":"wp","href":"https:\/\/api.w.org\/{rel}","templated":true}]}}